{"id":147,"date":"2017-12-17T12:56:00","date_gmt":"2017-12-17T12:56:00","guid":{"rendered":"http:\/\/kalbi.az-theme.net\/?page_id=147"},"modified":"2025-01-01T12:34:22","modified_gmt":"2025-01-01T12:34:22","slug":"menu","status":"publish","type":"page","link":"https:\/\/www.laperlacafe.hu\/en\/menu\/","title":{"rendered":"Menu"},"content":{"rendered":"<section class=\"wpb-content-wrapper\"><div class=\"vc_row wpb_row vc_row-fluid vc_custom_1730719596691\"><div class=\"wpb_column vc_column_container vc_col-sm-12\"><div class=\"vc_column-inner\"><div class=\"wpb_wrapper\">    <div class=\"title-section titlesection-69d18fe0e4f02  text-center\" data-aftercolor=\"#ffffff\" data-id=\"69d18fe0e4f02\">\n        <h2 class=\"title\" style=\"color: #000000; font-size: \">MENU<\/h2> \n                <div class=\"desc-title\" style=\"color: #919191;\">Prices are in HUF and include VAT!<\/div>\n            <\/div><\/div><\/div><\/div><\/div><div data-vc-full-width=\"true\" data-vc-full-width-init=\"false\" data-vc-parallax=\"1.5\" class=\"vc_row wpb_row vc_row-fluid vc_custom_1730720451196 vc_row-has-fill vc_row-o-content-middle vc_row-flex vc_general vc_parallax vc_parallax-content-moving\"><div class=\"az-row-overlay\" style=\"background-color: rgba(255,255,255,0.3)\" data-bgoverlay=\"rgba(255,255,255,0.3)\"><\/div><div class=\"wpb_column vc_column_container vc_col-sm-12\"><div class=\"vc_column-inner vc_custom_1513515343882\"><div class=\"wpb_wrapper\">    <div class=\"title-section titlesection-69d18fe0e514d  text-center\" data-aftercolor=\"#ffffff\" data-id=\"69d18fe0e514d\">\n        <h2 class=\"title\" style=\"color: #ffffff; font-size: \">SANDWICHES<\/h2> \n            <\/div><\/div><\/div><\/div><\/div><div class=\"vc_row-full-width vc_clearfix\"><\/div><div class=\"vc_row wpb_row vc_row-fluid vc_custom_1527672503492\"><div class=\"wpb_column vc_column_container vc_col-sm-12\"><div class=\"vc_column-inner\"><div class=\"wpb_wrapper\">    <div class=\"az-kalbimenu\">\r\n                                <div class=\"kalbi-menu-item\">\r\n            <h4 class=\"item-name\">\r\n                <span>LP Lazacos<\/span>\r\n                <span class=\"desc\">keny\u00e9r, avok\u00e1d\u00f3, lazac, paradicsom, pesto<\/span>\r\n            <\/h4>            \r\n            <span class=\"item-price\">3650 Ft<\/span>\r\n        <\/div>\r\n                <div class=\"kalbi-menu-item\">\r\n            <h4 class=\"item-name\">\r\n                <span>LP Avocado<\/span>\r\n                <span class=\"desc\">bread, avocado, mozzarella, tomato, pesto<\/span>\r\n            <\/h4>            \r\n            <span class=\"item-price\">2950 Ft<\/span>\r\n        <\/div>\r\n                <div class=\"kalbi-menu-item\">\r\n            <h4 class=\"item-name\">\r\n                <span>LP Salami<\/span>\r\n                <span class=\"desc\">bread, avocado, tomato, winter salami, pesto<\/span>\r\n            <\/h4>            \r\n            <span class=\"item-price\">3150 Ft<\/span>\r\n        <\/div>\r\n                <div class=\"kalbi-menu-item\">\r\n            <h4 class=\"item-name\">\r\n                <span>LP Tuna<\/span>\r\n                <span class=\"desc\">bread, avocado, tuna cream, tomato, pesto<\/span>\r\n            <\/h4>            \r\n            <span class=\"item-price\">3150 Ft<\/span>\r\n        <\/div>\r\n                <div class=\"kalbi-menu-item\">\r\n            <h4 class=\"item-name\">\r\n                <span>LP Ham<\/span>\r\n                <span class=\"desc\">bread, avocado, tomato, cooked ham, pesto<\/span>\r\n            <\/h4>            \r\n            <span class=\"item-price\">3150 Ft<\/span>\r\n        <\/div>\r\n                <div class=\"kalbi-menu-item\">\r\n            <h4 class=\"item-name\">\r\n                <span>LP Curred-ham<\/span>\r\n                <span class=\"desc\">bread, avocado, mozzarella, aged ham, tomato, pesto<\/span>\r\n            <\/h4>            \r\n            <span class=\"item-price\">3150 Ft<\/span>\r\n        <\/div>\r\n                <div class=\"kalbi-menu-item\">\r\n            <h4 class=\"item-name\">\r\n                <span>LP Csirk\u00e9s<\/span>\r\n                <span class=\"desc\">bread, avocado, chicken, tomato, pesto<\/span>\r\n            <\/h4>            \r\n            <span class=\"item-price\">3150 Ft<\/span>\r\n        <\/div>\r\n                    <\/div>\r\n    <\/div><\/div><\/div><\/div><div data-vc-full-width=\"true\" data-vc-full-width-init=\"false\" data-vc-parallax=\"1.5\" class=\"vc_row wpb_row vc_row-fluid vc_custom_1730723782004 vc_row-has-fill vc_general vc_parallax vc_parallax-content-moving\"><div class=\"az-row-overlay\" style=\"background-color: rgba(255,255,255,0.3)\" data-bgoverlay=\"rgba(255,255,255,0.3)\"><\/div><div class=\"wpb_column vc_column_container vc_col-sm-12\"><div class=\"vc_column-inner vc_custom_1513515343882\"><div class=\"wpb_wrapper\">    <div class=\"title-section titlesection-69d18fe0e631f  text-center\" data-aftercolor=\"#ffffff\" data-id=\"69d18fe0e631f\">\n        <h2 class=\"title\" style=\"color: #ffffff; font-size: \">HOT DRINKS<\/h2> \n            <\/div><\/div><\/div><\/div><\/div><div class=\"vc_row-full-width vc_clearfix\"><\/div><div class=\"vc_row wpb_row vc_row-fluid vc_custom_1527672283982\"><div class=\"wpb_column vc_column_container vc_col-sm-6\"><div class=\"vc_column-inner\"><div class=\"wpb_wrapper\">    <div class=\"az-kalbimenu\">\r\n                                <div class=\"kalbi-menu-item\">\r\n            <h4 class=\"item-name\">\r\n                <span>\u00c1fony\u00e1s Matcha Latte<\/span>\r\n                <span class=\"desc\"><\/span>\r\n            <\/h4>            \r\n            <span class=\"item-price\">1850 Ft<\/span>\r\n        <\/div>\r\n                <div class=\"kalbi-menu-item\">\r\n            <h4 class=\"item-name\">\r\n                <span>Mang\u00f3s Matcha Latte<\/span>\r\n                <span class=\"desc\"><\/span>\r\n            <\/h4>            \r\n            <span class=\"item-price\">1850 Ft<\/span>\r\n        <\/div>\r\n                <div class=\"kalbi-menu-item\">\r\n            <h4 class=\"item-name\">\r\n                <span>Mocha Latte<\/span>\r\n                <span class=\"desc\"><\/span>\r\n            <\/h4>            \r\n            <span class=\"item-price\">1950 Ft<\/span>\r\n        <\/div>\r\n                <div class=\"kalbi-menu-item\">\r\n            <h4 class=\"item-name\">\r\n                <span>Cappuccino<\/span>\r\n                <span class=\"desc\"><\/span>\r\n            <\/h4>            \r\n            <span class=\"item-price\">1350 Ft<\/span>\r\n        <\/div>\r\n                <div class=\"kalbi-menu-item\">\r\n            <h4 class=\"item-name\">\r\n                <span>Cortado<\/span>\r\n                <span class=\"desc\"><\/span>\r\n            <\/h4>            \r\n            <span class=\"item-price\">1050 Ft<\/span>\r\n        <\/div>\r\n                <div class=\"kalbi-menu-item\">\r\n            <h4 class=\"item-name\">\r\n                <span>Espresso with whipped cream<\/span>\r\n                <span class=\"desc\"><\/span>\r\n            <\/h4>            \r\n            <span class=\"item-price\">950 Ft<\/span>\r\n        <\/div>\r\n                <div class=\"kalbi-menu-item\">\r\n            <h4 class=\"item-name\">\r\n                <span>Espresso Macchiato<\/span>\r\n                <span class=\"desc\"><\/span>\r\n            <\/h4>            \r\n            <span class=\"item-price\">850 Ft<\/span>\r\n        <\/div>\r\n                <div class=\"kalbi-menu-item\">\r\n            <h4 class=\"item-name\">\r\n                <span>Americano<\/span>\r\n                <span class=\"desc\"><\/span>\r\n            <\/h4>            \r\n            <span class=\"item-price\">1050 Ft<\/span>\r\n        <\/div>\r\n                <div class=\"kalbi-menu-item\">\r\n            <h4 class=\"item-name\">\r\n                <span>Double<\/span>\r\n                <span class=\"desc\"><\/span>\r\n            <\/h4>            \r\n            <span class=\"item-price\">1350 Ft<\/span>\r\n        <\/div>\r\n                <div class=\"kalbi-menu-item\">\r\n            <h4 class=\"item-name\">\r\n                <span>Espresso<\/span>\r\n                <span class=\"desc\"><\/span>\r\n            <\/h4>            \r\n            <span class=\"item-price\">750 Ft<\/span>\r\n        <\/div>\r\n                    <\/div>\r\n    <\/div><\/div><\/div><div class=\"wpb_column vc_column_container vc_col-sm-6\"><div class=\"vc_column-inner\"><div class=\"wpb_wrapper\">    <div class=\"az-kalbimenu\">\r\n                                <div class=\"kalbi-menu-item\">\r\n            <h4 class=\"item-name\">\r\n                <span>Epres Matcha Latte<\/span>\r\n                <span class=\"desc\"><\/span>\r\n            <\/h4>            \r\n            <span class=\"item-price\">1850 Ft<\/span>\r\n        <\/div>\r\n                <div class=\"kalbi-menu-item\">\r\n            <h4 class=\"item-name\">\r\n                <span>Tea<\/span>\r\n                <span class=\"desc\"><\/span>\r\n            <\/h4>            \r\n            <span class=\"item-price\">950 Ft<\/span>\r\n        <\/div>\r\n                <div class=\"kalbi-menu-item\">\r\n            <h4 class=\"item-name\">\r\n                <span>Latte Macchiato<\/span>\r\n                <span class=\"desc\"><\/span>\r\n            <\/h4>            \r\n            <span class=\"item-price\">1550 Ft<\/span>\r\n        <\/div>\r\n                <div class=\"kalbi-menu-item\">\r\n            <h4 class=\"item-name\">\r\n                <span>Hot Chocolate<\/span>\r\n                <span class=\"desc\"><\/span>\r\n            <\/h4>            \r\n            <span class=\"item-price\">1550 Ft<\/span>\r\n        <\/div>\r\n                <div class=\"kalbi-menu-item\">\r\n            <h4 class=\"item-name\">\r\n                <span>Vanilla Chai Latte<\/span>\r\n                <span class=\"desc\"><\/span>\r\n            <\/h4>            \r\n            <span class=\"item-price\">1750 Ft<\/span>\r\n        <\/div>\r\n                <div class=\"kalbi-menu-item\">\r\n            <h4 class=\"item-name\">\r\n                <span>Massala Chai Latte<\/span>\r\n                <span class=\"desc\"><\/span>\r\n            <\/h4>            \r\n            <span class=\"item-price\">1750 Ft<\/span>\r\n        <\/div>\r\n                <div class=\"kalbi-menu-item\">\r\n            <h4 class=\"item-name\">\r\n                <span>Matcha Latte<\/span>\r\n                <span class=\"desc\"><\/span>\r\n            <\/h4>            \r\n            <span class=\"item-price\">1750 Ft<\/span>\r\n        <\/div>\r\n                <div class=\"kalbi-menu-item\">\r\n            <h4 class=\"item-name\">\r\n                <span>Turkish Coffee<\/span>\r\n                <span class=\"desc\"><\/span>\r\n            <\/h4>            \r\n            <span class=\"item-price\">950 Ft<\/span>\r\n        <\/div>\r\n                <div class=\"kalbi-menu-item\">\r\n            <h4 class=\"item-name\">\r\n                <span>Latte<\/span>\r\n                <span class=\"desc\"><\/span>\r\n            <\/h4>            \r\n            <span class=\"item-price\">1350 Ft<\/span>\r\n        <\/div>\r\n                <div class=\"kalbi-menu-item\">\r\n            <h4 class=\"item-name\">\r\n                <span>Flat White<\/span>\r\n                <span class=\"desc\"><\/span>\r\n            <\/h4>            \r\n            <span class=\"item-price\">1550 Ft<\/span>\r\n        <\/div>\r\n                    <\/div>\r\n    <\/div><\/div><\/div><\/div><div data-vc-full-width=\"true\" data-vc-full-width-init=\"false\" data-vc-parallax=\"1.5\" class=\"vc_row wpb_row vc_row-fluid vc_custom_1730723826534 vc_row-has-fill vc_general vc_parallax vc_parallax-content-moving\"><div class=\"az-row-overlay\" style=\"background-color: rgba(255,255,255,0.3)\" data-bgoverlay=\"rgba(255,255,255,0.3)\"><\/div><div class=\"wpb_column vc_column_container vc_col-sm-12\"><div class=\"vc_column-inner vc_custom_1729757336162\"><div class=\"wpb_wrapper\">    <div class=\"title-section titlesection-69d18fe0e7cef  text-center\" data-aftercolor=\"#ffffff\" data-id=\"69d18fe0e7cef\">\n        <h2 class=\"title\" style=\"color: #ffffff; font-size: \">COLD DRINKS<\/h2> \n            <\/div><\/div><\/div><\/div><\/div><div class=\"vc_row-full-width vc_clearfix\"><\/div><div class=\"vc_row wpb_row vc_row-fluid vc_custom_1527672503492\"><div class=\"wpb_column vc_column_container vc_col-sm-6\"><div class=\"vc_column-inner\"><div class=\"wpb_wrapper\">    <div class=\"az-kalbimenu\">\r\n                                <div class=\"kalbi-menu-item\">\r\n            <h4 class=\"item-name\">\r\n                <span>\u00c1fony\u00e1s Matcha Latte<\/span>\r\n                <span class=\"desc\">4 dl<\/span>\r\n            <\/h4>            \r\n            <span class=\"item-price\">1950 Ft<\/span>\r\n        <\/div>\r\n                <div class=\"kalbi-menu-item\">\r\n            <h4 class=\"item-name\">\r\n                <span>Mang\u00f3s Matcha Latte<\/span>\r\n                <span class=\"desc\">4 dl<\/span>\r\n            <\/h4>            \r\n            <span class=\"item-price\">1950 Ft<\/span>\r\n        <\/div>\r\n                <div class=\"kalbi-menu-item\">\r\n            <h4 class=\"item-name\">\r\n                <span>Epres Matcha Latte<\/span>\r\n                <span class=\"desc\">4 dl<\/span>\r\n            <\/h4>            \r\n            <span class=\"item-price\">1950 Ft<\/span>\r\n        <\/div>\r\n                <div class=\"kalbi-menu-item\">\r\n            <h4 class=\"item-name\">\r\n                <span>Classic Lemonade<\/span>\r\n                <span class=\"desc\">4 dl<\/span>\r\n            <\/h4>            \r\n            <span class=\"item-price\">1250 Ft<\/span>\r\n        <\/div>\r\n                <div class=\"kalbi-menu-item\">\r\n            <h4 class=\"item-name\">\r\n                <span>Filtered water \/ Soda<\/span>\r\n                <span class=\"desc\">3 dl<\/span>\r\n            <\/h4>            \r\n            <span class=\"item-price\">300 Ft<\/span>\r\n        <\/div>\r\n                <div class=\"kalbi-menu-item\">\r\n            <h4 class=\"item-name\">\r\n                <span>Espresso Tonic<\/span>\r\n                <span class=\"desc\">4 dl<\/span>\r\n            <\/h4>            \r\n            <span class=\"item-price\">1950 Ft<\/span>\r\n        <\/div>\r\n                <div class=\"kalbi-menu-item\">\r\n            <h4 class=\"item-name\">\r\n                <span>Vanilia Chai Latte<\/span>\r\n                <span class=\"desc\">4 dl<\/span>\r\n            <\/h4>            \r\n            <span class=\"item-price\">1750 Ft<\/span>\r\n        <\/div>\r\n                <div class=\"kalbi-menu-item\">\r\n            <h4 class=\"item-name\">\r\n                <span>Matcha Latte<\/span>\r\n                <span class=\"desc\">4 dl<\/span>\r\n            <\/h4>            \r\n            <span class=\"item-price\">1750 Ft<\/span>\r\n        <\/div>\r\n                <div class=\"kalbi-menu-item\">\r\n            <h4 class=\"item-name\">\r\n                <span>Latte<\/span>\r\n                <span class=\"desc\">4 dl<\/span>\r\n            <\/h4>            \r\n            <span class=\"item-price\">1450 Ft<\/span>\r\n        <\/div>\r\n                <div class=\"kalbi-menu-item\">\r\n            <h4 class=\"item-name\">\r\n                <span>Americano with orange<\/span>\r\n                <span class=\"desc\">4dl<\/span>\r\n            <\/h4>            \r\n            <span class=\"item-price\">1450 Ft<\/span>\r\n        <\/div>\r\n                    <\/div>\r\n    <\/div><\/div><\/div><div class=\"wpb_column vc_column_container vc_col-sm-6\"><div class=\"vc_column-inner\"><div class=\"wpb_wrapper\">    <div class=\"az-kalbimenu\">\r\n                                <div class=\"kalbi-menu-item\">\r\n            <h4 class=\"item-name\">\r\n                <span>Narancsos Matcha<\/span>\r\n                <span class=\"desc\"><\/span>\r\n            <\/h4>            \r\n            <span class=\"item-price\">1750 Ft<\/span>\r\n        <\/div>\r\n                <div class=\"kalbi-menu-item\">\r\n            <h4 class=\"item-name\">\r\n                <span>Jeges M\u00e1lna Sz\u00f6rp<\/span>\r\n                <span class=\"desc\">4 dl<\/span>\r\n            <\/h4>            \r\n            <span class=\"item-price\">1350 Ft<\/span>\r\n        <\/div>\r\n                <div class=\"kalbi-menu-item\">\r\n            <h4 class=\"item-name\">\r\n                <span>Iced Tea<\/span>\r\n                <span class=\"desc\">4 dl<\/span>\r\n            <\/h4>            \r\n            <span class=\"item-price\">1250 Ft<\/span>\r\n        <\/div>\r\n                    <\/div>\r\n    <\/div><\/div><\/div><\/div><div data-vc-full-width=\"true\" data-vc-full-width-init=\"false\" data-vc-parallax=\"1.5\" data-vc-parallax-image=\"https:\/\/www.laperlacafe.hu\/wp-content\/uploads\/2017\/12\/gallery-3.jpg\" class=\"vc_row wpb_row vc_row-fluid vc_custom_1527759357647 vc_row-has-fill vc_general vc_parallax vc_parallax-content-moving\"><div class=\"az-row-overlay\" style=\"background-color: rgba(0,0,0,0.7)\" data-bgoverlay=\"rgba(0,0,0,0.7)\"><\/div><div class=\"wpb_column vc_column_container vc_col-sm-12\"><div class=\"vc_column-inner vc_custom_1513515343882\"><div class=\"wpb_wrapper\">    <div class=\"title-section titlesection-69d18fe0e9675  text-center\" data-aftercolor=\"#ffffff\" data-id=\"69d18fe0e9675\">\n        <h2 class=\"title\" style=\"color: #ffffff; font-size: \">Shake<\/h2> \n            <\/div><\/div><\/div><\/div><\/div><div class=\"vc_row-full-width vc_clearfix\"><\/div><div class=\"vc_row wpb_row vc_row-fluid vc_custom_1527672503492\"><div class=\"wpb_column vc_column_container vc_col-sm-12\"><div class=\"vc_column-inner\"><div class=\"wpb_wrapper\">    <div class=\"az-kalbimenu\">\r\n                                <div class=\"kalbi-menu-item\">\r\n            <h4 class=\"item-name\">\r\n                <span>Energy Shake<\/span>\r\n                <span class=\"desc\">eper, \u00e1folya, mandula, zabtej, m\u00e9z<\/span>\r\n            <\/h4>            \r\n            <span class=\"item-price\">2450 Ft<\/span>\r\n        <\/div>\r\n                <div class=\"kalbi-menu-item\">\r\n            <h4 class=\"item-name\">\r\n                <span>Strawberry Shake<\/span>\r\n                <span class=\"desc\">banana, strawberry, ice, vanilla milk<\/span>\r\n            <\/h4>            \r\n            <span class=\"item-price\">2250 Ft<\/span>\r\n        <\/div>\r\n                <div class=\"kalbi-menu-item\">\r\n            <h4 class=\"item-name\">\r\n                <span>Protein Shake<\/span>\r\n                <span class=\"desc\">avocado, banana, dates, ice, protein, plant-based milk (cocoa)<\/span>\r\n            <\/h4>            \r\n            <span class=\"item-price\">2450 Ft<\/span>\r\n        <\/div>\r\n                <div class=\"kalbi-menu-item\">\r\n            <h4 class=\"item-name\">\r\n                <span>Choco Shake<\/span>\r\n                <span class=\"desc\">avocado, banana, chocolate almond milk, plant-based vanilla milk, chocolate syrup, ice<\/span>\r\n            <\/h4>            \r\n            <span class=\"item-price\">2250 Ft<\/span>\r\n        <\/div>\r\n                <div class=\"kalbi-menu-item\">\r\n            <h4 class=\"item-name\">\r\n                <span>Mang\u00f3 Shake<\/span>\r\n                <span class=\"desc\">mang\u00f3, vanili\u00e1s tej, j\u00e9g<\/span>\r\n            <\/h4>            \r\n            <span class=\"item-price\">2250 Ft<\/span>\r\n        <\/div>\r\n                    <\/div>\r\n    <\/div><\/div><\/div><\/div><div data-vc-full-width=\"true\" data-vc-full-width-init=\"false\" data-vc-parallax=\"1.5\" data-vc-parallax-image=\"https:\/\/www.laperlacafe.hu\/wp-content\/uploads\/2017\/12\/gallery-3.jpg\" class=\"vc_row wpb_row vc_row-fluid vc_custom_1527759357647 vc_row-has-fill vc_general vc_parallax vc_parallax-content-moving\"><div class=\"az-row-overlay\" style=\"background-color: rgba(0,0,0,0.7)\" data-bgoverlay=\"rgba(0,0,0,0.7)\"><\/div><div class=\"wpb_column vc_column_container vc_col-sm-12\"><div class=\"vc_column-inner vc_custom_1513515343882\"><div class=\"wpb_wrapper\">    <div class=\"title-section titlesection-69d18fe0ea348  text-center\" data-aftercolor=\"#ffffff\" data-id=\"69d18fe0ea348\">\n        <h2 class=\"title\" style=\"color: #ffffff; font-size: \">Juice<\/h2> \n            <\/div><\/div><\/div><\/div><\/div><div class=\"vc_row-full-width vc_clearfix\"><\/div><div class=\"vc_row wpb_row vc_row-fluid\"><div class=\"wpb_column vc_column_container vc_col-sm-12\"><div class=\"vc_column-inner\"><div class=\"wpb_wrapper\">    <div class=\"az-kalbimenu\">\r\n                                <div class=\"kalbi-menu-item\">\r\n            <h4 class=\"item-name\">\r\n                <span>Ginger Shot<\/span>\r\n                <span class=\"desc\">ginger, apple, lemon<\/span>\r\n            <\/h4>            \r\n            <span class=\"item-price\">1250 Ft<\/span>\r\n        <\/div>\r\n                <div class=\"kalbi-menu-item\">\r\n            <h4 class=\"item-name\">\r\n                <span>Avo<\/span>\r\n                <span class=\"desc\">apple, avocado, lemon<\/span>\r\n            <\/h4>            \r\n            <span class=\"item-price\">2050 Ft<\/span>\r\n        <\/div>\r\n                <div class=\"kalbi-menu-item\">\r\n            <h4 class=\"item-name\">\r\n                <span>Strawberry<\/span>\r\n                <span class=\"desc\">apple, ginger, strawberry<\/span>\r\n            <\/h4>            \r\n            <span class=\"item-price\">2050 Ft<\/span>\r\n        <\/div>\r\n                <div class=\"kalbi-menu-item\">\r\n            <h4 class=\"item-name\">\r\n                <span>Passion<\/span>\r\n                <span class=\"desc\">apple, passion fruit, ginger<\/span>\r\n            <\/h4>            \r\n            <span class=\"item-price\">2050 Ft<\/span>\r\n        <\/div>\r\n                <div class=\"kalbi-menu-item\">\r\n            <h4 class=\"item-name\">\r\n                <span>Pink<\/span>\r\n                <span class=\"desc\">raspberry, banana, apple<\/span>\r\n            <\/h4>            \r\n            <span class=\"item-price\">2050 Ft<\/span>\r\n        <\/div>\r\n                <div class=\"kalbi-menu-item\">\r\n            <h4 class=\"item-name\">\r\n                <span>Mint<\/span>\r\n                <span class=\"desc\">apple, ginger, mint<\/span>\r\n            <\/h4>            \r\n            <span class=\"item-price\">2050 Ft<\/span>\r\n        <\/div>\r\n                <div class=\"kalbi-menu-item\">\r\n            <h4 class=\"item-name\">\r\n                <span>Power<\/span>\r\n                <span class=\"desc\">apple, ginger, red grapefruit<\/span>\r\n            <\/h4>            \r\n            <span class=\"item-price\">2050 Ft<\/span>\r\n        <\/div>\r\n                <div class=\"kalbi-menu-item\">\r\n            <h4 class=\"item-name\">\r\n                <span>Fatburn<\/span>\r\n                <span class=\"desc\">cucumber, lemon, pineapple<\/span>\r\n            <\/h4>            \r\n            <span class=\"item-price\">2050 Ft<\/span>\r\n        <\/div>\r\n                <div class=\"kalbi-menu-item\">\r\n            <h4 class=\"item-name\">\r\n                <span>Ad Hoc<\/span>\r\n                <span class=\"desc\">mint, banana, pineapple, cucumber, apple<\/span>\r\n            <\/h4>            \r\n            <span class=\"item-price\">2050 Ft<\/span>\r\n        <\/div>\r\n                <div class=\"kalbi-menu-item\">\r\n            <h4 class=\"item-name\">\r\n                <span>Carrot<\/span>\r\n                <span class=\"desc\">carrot, apple, ginger<\/span>\r\n            <\/h4>            \r\n            <span class=\"item-price\">2050 Ft<\/span>\r\n        <\/div>\r\n                    <\/div>\r\n    <\/div><\/div><\/div><\/div><div data-vc-full-width=\"true\" data-vc-full-width-init=\"false\" data-vc-parallax=\"1.5\" data-vc-parallax-image=\"https:\/\/www.laperlacafe.hu\/wp-content\/uploads\/2017\/12\/gallery-3.jpg\" class=\"vc_row wpb_row vc_row-fluid vc_custom_1728632054923 vc_row-has-fill vc_row-o-content-middle vc_row-flex vc_general vc_parallax vc_parallax-content-moving\"><div class=\"az-row-overlay\" style=\"background-color: rgba(0,0,0,0.7)\" data-bgoverlay=\"rgba(0,0,0,0.7)\"><\/div><div class=\"wpb_column vc_column_container vc_col-sm-12\"><div class=\"vc_column-inner vc_custom_1513515343882\"><div class=\"wpb_wrapper\">    <div class=\"title-section titlesection-69d18fe0eb181  text-center\" data-aftercolor=\"#ffffff\" data-id=\"69d18fe0eb181\">\n        <h2 class=\"title\" style=\"color: #ffffff; font-size: \">ALCOHOLIC DRINKS<\/h2> \n            <\/div><div class=\"vc_btn3-container vc_btn3-center\" ><a class=\"vc_general vc_btn3 vc_btn3-size-md vc_btn3-shape-rounded vc_btn3-style-modern vc_btn3-color-white\" href=\"https:\/\/www.laperlacafe.hu\/alkoholositalok\/\" title=\"Alkoholos italok\">GO TO ALCOHOLIC DRINKS<\/a><\/div><\/div><\/div><\/div><\/div><div class=\"vc_row-full-width vc_clearfix\"><\/div>\n<\/section>","protected":false},"excerpt":{"rendered":"MENU Az \u00e1rak forintban \u00e9rtend\u0151k, \u00e9s tartalmazz\u00e1k az \u00e1fa \u00e9rt\u00e9k\u00e9t! SZENDVICSEK LP Lazacos keny\u00e9r, avok\u00e1d\u00f3, lazac, paradicsom, pesto 3650 Ft LP Avok\u00e1d\u00f3s keny\u00e9r, avok\u00e1d\u00f3, mozzarella, paradicsom, pesto 2950 Ft LP Szal\u00e1mis keny\u00e9r, avok\u00e1di\u00f3, paradicsom, t\u00e9liszal\u00e1mi,...","protected":false},"author":1,"featured_media":128,"parent":0,"menu_order":0,"comment_status":"closed","ping_status":"closed","template":"page-templates\/full-width.php","meta":{"_monsterinsights_skip_tracking":false,"_monsterinsights_sitenote_active":false,"_monsterinsights_sitenote_note":"","_monsterinsights_sitenote_category":0,"_themeisle_gutenberg_block_has_review":false,"footnotes":""},"class_list":["post-147","page","type-page","status-publish","has-post-thumbnail","hentry"],"aioseo_notices":[],"_links":{"self":[{"href":"https:\/\/www.laperlacafe.hu\/en\/wp-json\/wp\/v2\/pages\/147","targetHints":{"allow":["GET"]}}],"collection":[{"href":"https:\/\/www.laperlacafe.hu\/en\/wp-json\/wp\/v2\/pages"}],"about":[{"href":"https:\/\/www.laperlacafe.hu\/en\/wp-json\/wp\/v2\/types\/page"}],"author":[{"embeddable":true,"href":"https:\/\/www.laperlacafe.hu\/en\/wp-json\/wp\/v2\/users\/1"}],"replies":[{"embeddable":true,"href":"https:\/\/www.laperlacafe.hu\/en\/wp-json\/wp\/v2\/comments?post=147"}],"version-history":[{"count":52,"href":"https:\/\/www.laperlacafe.hu\/en\/wp-json\/wp\/v2\/pages\/147\/revisions"}],"predecessor-version":[{"id":855,"href":"https:\/\/www.laperlacafe.hu\/en\/wp-json\/wp\/v2\/pages\/147\/revisions\/855"}],"wp:featuredmedia":[{"embeddable":true,"href":"https:\/\/www.laperlacafe.hu\/en\/wp-json\/wp\/v2\/media\/128"}],"wp:attachment":[{"href":"https:\/\/www.laperlacafe.hu\/en\/wp-json\/wp\/v2\/media?parent=147"}],"curies":[{"name":"wp","href":"https:\/\/api.w.org\/{rel}","templated":true}]}}