{"id":238,"date":"2018-05-30T15:11:13","date_gmt":"2018-05-30T15:11:13","guid":{"rendered":"http:\/\/kalbi.az-theme.net\/?page_id=238"},"modified":"2024-11-04T13:23:25","modified_gmt":"2024-11-04T13:23:25","slug":"akave","status":"publish","type":"page","link":"https:\/\/www.laperlacafe.hu\/en\/akave\/","title":{"rendered":"THE COFFEE"},"content":{"rendered":"<section class=\"wpb-content-wrapper\"><div class=\"vc_row wpb_row vc_row-fluid vc_custom_1527692851170\"><div class=\"wpb_column vc_column_container vc_col-sm-8\"><div class=\"vc_column-inner\"><div class=\"wpb_wrapper\">    <div class=\"about-custom-heading\" data-underlinecolor=\"\">\r\n        <h2 style=\"color: ; ?>\">\r\n        CAF\u00c9 PERLA X        <\/h2>\r\n    <\/div>\n\t<div class=\"wpb_text_column wpb_content_element\" >\n\t\t<div class=\"wpb_wrapper\">\n\t\t\t<p>Discover our irresistible coffee.<\/p>\n\n\t\t<\/div>\n\t<\/div>\n\n\t<div class=\"wpb_text_column wpb_content_element\" >\n\t\t<div class=\"wpb_wrapper\">\n\t\t\t<p>100% Arabica coffee beans with chocolate and cocoa aromas. Characterized by a dense, light brown crema.<\/p>\n\n\t\t<\/div>\n\t<\/div>\n\n\t<div class=\"wpb_text_column wpb_content_element\" >\n\t\t<div class=\"wpb_wrapper\">\n\t\t\t<p>We also benefited from the expertise of our partner, the roasters of the Catalan Caf\u00e9s Cornell\u00e1, in selecting the ingredients and developing the roasting profile of Caf\u00e9 Perla X.<\/p>\n\n\t\t<\/div>\n\t<\/div>\n\n\t<div class=\"wpb_text_column wpb_content_element\" >\n\t\t<div class=\"wpb_wrapper\">\n\t\t\t<p>Body:<\/p>\n<p><img loading=\"lazy\" decoding=\"async\" class=\"alignnone wp-image-849\" src=\"http:\/\/www.laperlacafe.hu\/wp-content\/uploads\/2024\/11\/bean.png\" alt=\"\" width=\"50\" height=\"50\" srcset=\"https:\/\/www.laperlacafe.hu\/wp-content\/uploads\/2024\/11\/bean.png 225w, https:\/\/www.laperlacafe.hu\/wp-content\/uploads\/2024\/11\/bean-150x150.png 150w\" sizes=\"auto, (max-width: 50px) 100vw, 50px\" \/><img loading=\"lazy\" decoding=\"async\" class=\"alignnone wp-image-849\" src=\"http:\/\/www.laperlacafe.hu\/wp-content\/uploads\/2024\/11\/bean.png\" alt=\"\" width=\"50\" height=\"50\" srcset=\"https:\/\/www.laperlacafe.hu\/wp-content\/uploads\/2024\/11\/bean.png 225w, https:\/\/www.laperlacafe.hu\/wp-content\/uploads\/2024\/11\/bean-150x150.png 150w\" sizes=\"auto, (max-width: 50px) 100vw, 50px\" \/><img loading=\"lazy\" decoding=\"async\" class=\"alignnone wp-image-849\" src=\"http:\/\/www.laperlacafe.hu\/wp-content\/uploads\/2024\/11\/bean.png\" alt=\"\" width=\"50\" height=\"50\" srcset=\"https:\/\/www.laperlacafe.hu\/wp-content\/uploads\/2024\/11\/bean.png 225w, https:\/\/www.laperlacafe.hu\/wp-content\/uploads\/2024\/11\/bean-150x150.png 150w\" sizes=\"auto, (max-width: 50px) 100vw, 50px\" \/><img loading=\"lazy\" decoding=\"async\" class=\"alignnone wp-image-849\" src=\"http:\/\/www.laperlacafe.hu\/wp-content\/uploads\/2024\/11\/bean.png\" alt=\"\" width=\"50\" height=\"50\" srcset=\"https:\/\/www.laperlacafe.hu\/wp-content\/uploads\/2024\/11\/bean.png 225w, https:\/\/www.laperlacafe.hu\/wp-content\/uploads\/2024\/11\/bean-150x150.png 150w\" sizes=\"auto, (max-width: 50px) 100vw, 50px\" \/><\/p>\n<p>Roast:<\/p>\n<p><img loading=\"lazy\" decoding=\"async\" class=\"alignnone wp-image-849\" src=\"http:\/\/www.laperlacafe.hu\/wp-content\/uploads\/2024\/11\/bean.png\" alt=\"\" width=\"50\" height=\"50\" srcset=\"https:\/\/www.laperlacafe.hu\/wp-content\/uploads\/2024\/11\/bean.png 225w, https:\/\/www.laperlacafe.hu\/wp-content\/uploads\/2024\/11\/bean-150x150.png 150w\" sizes=\"auto, (max-width: 50px) 100vw, 50px\" \/><img loading=\"lazy\" decoding=\"async\" class=\"alignnone wp-image-849\" src=\"http:\/\/www.laperlacafe.hu\/wp-content\/uploads\/2024\/11\/bean.png\" alt=\"\" width=\"50\" height=\"50\" srcset=\"https:\/\/www.laperlacafe.hu\/wp-content\/uploads\/2024\/11\/bean.png 225w, https:\/\/www.laperlacafe.hu\/wp-content\/uploads\/2024\/11\/bean-150x150.png 150w\" sizes=\"auto, (max-width: 50px) 100vw, 50px\" \/><img loading=\"lazy\" decoding=\"async\" class=\"alignnone wp-image-849\" src=\"http:\/\/www.laperlacafe.hu\/wp-content\/uploads\/2024\/11\/bean.png\" alt=\"\" width=\"50\" height=\"50\" srcset=\"https:\/\/www.laperlacafe.hu\/wp-content\/uploads\/2024\/11\/bean.png 225w, https:\/\/www.laperlacafe.hu\/wp-content\/uploads\/2024\/11\/bean-150x150.png 150w\" sizes=\"auto, (max-width: 50px) 100vw, 50px\" \/><\/p>\n<p>Aroma:<\/p>\n<p><img loading=\"lazy\" decoding=\"async\" class=\"alignnone wp-image-849\" src=\"http:\/\/www.laperlacafe.hu\/wp-content\/uploads\/2024\/11\/bean.png\" alt=\"\" width=\"50\" height=\"50\" srcset=\"https:\/\/www.laperlacafe.hu\/wp-content\/uploads\/2024\/11\/bean.png 225w, https:\/\/www.laperlacafe.hu\/wp-content\/uploads\/2024\/11\/bean-150x150.png 150w\" sizes=\"auto, (max-width: 50px) 100vw, 50px\" \/><img loading=\"lazy\" decoding=\"async\" class=\"alignnone wp-image-849\" src=\"http:\/\/www.laperlacafe.hu\/wp-content\/uploads\/2024\/11\/bean.png\" alt=\"\" width=\"50\" height=\"50\" srcset=\"https:\/\/www.laperlacafe.hu\/wp-content\/uploads\/2024\/11\/bean.png 225w, https:\/\/www.laperlacafe.hu\/wp-content\/uploads\/2024\/11\/bean-150x150.png 150w\" sizes=\"auto, (max-width: 50px) 100vw, 50px\" \/><img loading=\"lazy\" decoding=\"async\" class=\"alignnone wp-image-849\" src=\"http:\/\/www.laperlacafe.hu\/wp-content\/uploads\/2024\/11\/bean.png\" alt=\"\" width=\"50\" height=\"50\" srcset=\"https:\/\/www.laperlacafe.hu\/wp-content\/uploads\/2024\/11\/bean.png 225w, https:\/\/www.laperlacafe.hu\/wp-content\/uploads\/2024\/11\/bean-150x150.png 150w\" sizes=\"auto, (max-width: 50px) 100vw, 50px\" \/><img loading=\"lazy\" decoding=\"async\" class=\"alignnone wp-image-849\" src=\"http:\/\/www.laperlacafe.hu\/wp-content\/uploads\/2024\/11\/bean.png\" alt=\"\" width=\"50\" height=\"50\" srcset=\"https:\/\/www.laperlacafe.hu\/wp-content\/uploads\/2024\/11\/bean.png 225w, https:\/\/www.laperlacafe.hu\/wp-content\/uploads\/2024\/11\/bean-150x150.png 150w\" sizes=\"auto, (max-width: 50px) 100vw, 50px\" \/><img loading=\"lazy\" decoding=\"async\" class=\"alignnone wp-image-849\" src=\"http:\/\/www.laperlacafe.hu\/wp-content\/uploads\/2024\/11\/bean.png\" alt=\"\" width=\"50\" height=\"50\" srcset=\"https:\/\/www.laperlacafe.hu\/wp-content\/uploads\/2024\/11\/bean.png 225w, https:\/\/www.laperlacafe.hu\/wp-content\/uploads\/2024\/11\/bean-150x150.png 150w\" sizes=\"auto, (max-width: 50px) 100vw, 50px\" \/><\/p>\n\n\t\t<\/div>\n\t<\/div>\n<\/div><\/div><\/div><div class=\"wpb_column vc_column_container vc_col-sm-4\"><div class=\"vc_column-inner\"><div class=\"wpb_wrapper\">\n\t<div  class=\"wpb_single_image wpb_content_element vc_align_left\">\n\t\t\n\t\t<figure class=\"wpb_wrapper vc_figure\">\n\t\t\t<div class=\"vc_single_image-wrapper   vc_box_border_grey\"><img loading=\"lazy\" decoding=\"async\" width=\"2048\" height=\"2048\" src=\"https:\/\/www.laperlacafe.hu\/wp-content\/uploads\/2024\/11\/cimke2.png\" class=\"vc_single_image-img attachment-full\" alt=\"\" title=\"cimke2\" srcset=\"https:\/\/www.laperlacafe.hu\/wp-content\/uploads\/2024\/11\/cimke2.png 2048w, https:\/\/www.laperlacafe.hu\/wp-content\/uploads\/2024\/11\/cimke2-300x300.png 300w, https:\/\/www.laperlacafe.hu\/wp-content\/uploads\/2024\/11\/cimke2-1024x1024.png 1024w, https:\/\/www.laperlacafe.hu\/wp-content\/uploads\/2024\/11\/cimke2-150x150.png 150w, https:\/\/www.laperlacafe.hu\/wp-content\/uploads\/2024\/11\/cimke2-768x768.png 768w, https:\/\/www.laperlacafe.hu\/wp-content\/uploads\/2024\/11\/cimke2-1536x1536.png 1536w, https:\/\/www.laperlacafe.hu\/wp-content\/uploads\/2024\/11\/cimke2-360x360.png 360w\" sizes=\"auto, (max-width: 2048px) 100vw, 2048px\" \/><\/div>\n\t\t<\/figure>\n\t<\/div>\n<\/div><\/div><\/div><\/div><div data-vc-full-width=\"true\" data-vc-full-width-init=\"false\" data-vc-parallax=\"1.5\" data-vc-parallax-image=\"https:\/\/www.laperlacafe.hu\/wp-content\/uploads\/2017\/12\/gallery-3.jpg\" class=\"vc_row wpb_row vc_row-fluid vc_custom_1730725556243 vc_row-has-fill vc_general vc_parallax vc_parallax-content-moving\"><div class=\"az-row-overlay\" style=\"background-color: rgba(255,255,255,0.3)\" data-bgoverlay=\"rgba(255,255,255,0.3)\"><\/div><div class=\"wpb_column vc_column_container vc_col-sm-12\"><div class=\"vc_column-inner\"><div class=\"wpb_wrapper\"><\/div><\/div><\/div><\/div><div class=\"vc_row-full-width vc_clearfix\"><\/div>\n<\/section>","protected":false},"excerpt":{"rendered":"CAF\u00c9 PERLA X Ismerje meg az ellen\u00e1llhatatlan k\u00e1v\u00e9nkat. Csokol\u00e1d\u00e9s \u00e9s kaka\u00f3s aromajegyekkel rendelkez\u0151 100% arabica k\u00e1v\u00e9kerev\u00e9k. S\u0171r\u0171 text\u00far\u00e1j\u00fa, vil\u00e1gosbarna crema jellemzi. A Caf\u00e9 Perla X \u00f6sszetev\u0151inek kiv\u00e1laszt\u00e1s\u00e1ban \u00e9s p\u00f6rk\u00f6l\u00e9si profilj\u00e1nak kialak\u00edt\u00e1s\u00e1ban partner\u00fcnk, a katal\u00e1n Caf\u00e9s...","protected":false},"author":1,"featured_media":0,"parent":0,"menu_order":0,"comment_status":"closed","ping_status":"closed","template":"","meta":{"_monsterinsights_skip_tracking":false,"_monsterinsights_sitenote_active":false,"_monsterinsights_sitenote_note":"","_monsterinsights_sitenote_category":0,"_themeisle_gutenberg_block_has_review":false,"footnotes":""},"class_list":["post-238","page","type-page","status-publish","hentry"],"aioseo_notices":[],"_links":{"self":[{"href":"https:\/\/www.laperlacafe.hu\/en\/wp-json\/wp\/v2\/pages\/238","targetHints":{"allow":["GET"]}}],"collection":[{"href":"https:\/\/www.laperlacafe.hu\/en\/wp-json\/wp\/v2\/pages"}],"about":[{"href":"https:\/\/www.laperlacafe.hu\/en\/wp-json\/wp\/v2\/types\/page"}],"author":[{"embeddable":true,"href":"https:\/\/www.laperlacafe.hu\/en\/wp-json\/wp\/v2\/users\/1"}],"replies":[{"embeddable":true,"href":"https:\/\/www.laperlacafe.hu\/en\/wp-json\/wp\/v2\/comments?post=238"}],"version-history":[{"count":25,"href":"https:\/\/www.laperlacafe.hu\/en\/wp-json\/wp\/v2\/pages\/238\/revisions"}],"predecessor-version":[{"id":850,"href":"https:\/\/www.laperlacafe.hu\/en\/wp-json\/wp\/v2\/pages\/238\/revisions\/850"}],"wp:attachment":[{"href":"https:\/\/www.laperlacafe.hu\/en\/wp-json\/wp\/v2\/media?parent=238"}],"curies":[{"name":"wp","href":"https:\/\/api.w.org\/{rel}","templated":true}]}}