{"id":616,"date":"2024-10-11T06:16:16","date_gmt":"2024-10-11T06:16:16","guid":{"rendered":"https:\/\/www.laperlacafe.hu\/?page_id=616"},"modified":"2025-11-24T07:54:47","modified_gmt":"2025-11-24T07:54:47","slug":"alkoholositalok","status":"publish","type":"page","link":"https:\/\/www.laperlacafe.hu\/en\/alkoholositalok\/","title":{"rendered":"Alkoholos italok"},"content":{"rendered":"<section class=\"wpb-content-wrapper\"><div class=\"vc_row wpb_row vc_row-fluid vc_custom_1527672503492\"><div class=\"wpb_column vc_column_container vc_col-sm-12\"><div class=\"vc_column-inner\"><div class=\"wpb_wrapper\">    <div class=\"title-section titlesection-69f4f63bad0c8  text-center\" data-aftercolor=\"#ffffff\" data-id=\"69f4f63bad0c8\">\n        <h2 class=\"title\" style=\"color: #000000; font-size: 24\">ALCOHOLIC DRINKS<\/h2> \n                <div class=\"desc-title\" style=\"color: #606060;\">Prices are in HUF and include VAT!<br \/>\nWe do not serve alcoholic drinks to guests under the age of 18 or to drunk guests!<\/div>\n            <\/div><\/div><\/div><\/div><\/div><div data-vc-full-width=\"true\" data-vc-full-width-init=\"false\" data-vc-parallax=\"1.5\" data-vc-parallax-image=\"https:\/\/www.laperlacafe.hu\/wp-content\/uploads\/2017\/12\/gallery-5.jpg\" class=\"vc_row wpb_row vc_row-fluid vc_custom_1527955444220 vc_row-has-fill vc_general vc_parallax vc_parallax-content-moving\"><div class=\"az-row-overlay\" style=\"background-color: rgba(0,0,0,0.7)\" data-bgoverlay=\"rgba(0,0,0,0.7)\"><\/div><div class=\"wpb_column vc_column_container vc_col-sm-12\"><div class=\"vc_column-inner vc_custom_1513515343882\"><div class=\"wpb_wrapper\">    <div class=\"title-section titlesection-69f4f63bad77d  text-center\" data-aftercolor=\"#ffffff\" data-id=\"69f4f63bad77d\">\n        <h2 class=\"title\" style=\"color: #ffffff; font-size: \">COCTAILS<\/h2> \n            <\/div><\/div><\/div><\/div><\/div><div class=\"vc_row-full-width vc_clearfix\"><\/div><div class=\"vc_row wpb_row vc_row-fluid vc_custom_1513515082603\"><div class=\"wpb_column vc_column_container vc_col-sm-12\"><div class=\"vc_column-inner\"><div class=\"wpb_wrapper\">    <div class=\"az-kalbimenu\">\r\n                                <div class=\"kalbi-menu-item\">\r\n            <h4 class=\"item-name\">\r\n                <span>Aperol Spritz<\/span>\r\n                <span class=\"desc\"><\/span>\r\n            <\/h4>            \r\n            <span class=\"item-price\">2950 Ft<\/span>\r\n        <\/div>\r\n                <div class=\"kalbi-menu-item\">\r\n            <h4 class=\"item-name\">\r\n                <span>Gin Tonic<\/span>\r\n                <span class=\"desc\"><\/span>\r\n            <\/h4>            \r\n            <span class=\"item-price\">3050 Ft<\/span>\r\n        <\/div>\r\n                <div class=\"kalbi-menu-item\">\r\n            <h4 class=\"item-name\">\r\n                <span>HUGO<\/span>\r\n                <span class=\"desc\"><\/span>\r\n            <\/h4>            \r\n            <span class=\"item-price\">2550 Ft<\/span>\r\n        <\/div>\r\n                    <\/div>\r\n    <\/div><\/div><\/div><\/div><div data-vc-full-width=\"true\" data-vc-full-width-init=\"false\" data-vc-parallax=\"1.5\" data-vc-parallax-image=\"https:\/\/www.laperlacafe.hu\/wp-content\/uploads\/2017\/12\/gallery-3.jpg\" class=\"vc_row wpb_row vc_row-fluid vc_custom_1527759357647 vc_row-has-fill vc_general vc_parallax vc_parallax-content-moving\"><div class=\"az-row-overlay\" style=\"background-color: rgba(0,0,0,0.7)\" data-bgoverlay=\"rgba(0,0,0,0.7)\"><\/div><div class=\"wpb_column vc_column_container vc_col-sm-12\"><div class=\"vc_column-inner vc_custom_1513515343882\"><div class=\"wpb_wrapper\">    <div class=\"title-section titlesection-69f4f63bae966  text-center\" data-aftercolor=\"#ffffff\" data-id=\"69f4f63bae966\">\n        <h2 class=\"title\" style=\"color: #ffffff; font-size: \">R\u00f6viditalok<\/h2> \n            <\/div><\/div><\/div><\/div><\/div><div class=\"vc_row-full-width vc_clearfix\"><\/div><div class=\"vc_row wpb_row vc_row-fluid vc_custom_1527672503492\"><div class=\"wpb_column vc_column_container vc_col-sm-12\"><div class=\"vc_column-inner\"><div class=\"wpb_wrapper\">    <div class=\"az-kalbimenu\">\r\n                                <div class=\"kalbi-menu-item\">\r\n            <h4 class=\"item-name\">\r\n                <span>Zacapa 23 4cl<\/span>\r\n                <span class=\"desc\"><\/span>\r\n            <\/h4>            \r\n            <span class=\"item-price\">2950 Ft<\/span>\r\n        <\/div>\r\n                <div class=\"kalbi-menu-item\">\r\n            <h4 class=\"item-name\">\r\n                <span>Jack Daniels 4cl<\/span>\r\n                <span class=\"desc\"><\/span>\r\n            <\/h4>            \r\n            <span class=\"item-price\">1350 Ft<\/span>\r\n        <\/div>\r\n                <div class=\"kalbi-menu-item\">\r\n            <h4 class=\"item-name\">\r\n                <span>Chivas Regal 4cl<\/span>\r\n                <span class=\"desc\"><\/span>\r\n            <\/h4>            \r\n            <span class=\"item-price\">1850 Ft<\/span>\r\n        <\/div>\r\n                <div class=\"kalbi-menu-item\">\r\n            <h4 class=\"item-name\">\r\n                <span>Diplomatico 4cl<\/span>\r\n                <span class=\"desc\"><\/span>\r\n            <\/h4>            \r\n            <span class=\"item-price\">1850 Ft<\/span>\r\n        <\/div>\r\n                    <\/div>\r\n    <\/div><\/div><\/div><\/div><div data-vc-full-width=\"true\" data-vc-full-width-init=\"false\" data-vc-parallax=\"1.5\" data-vc-parallax-image=\"https:\/\/www.laperlacafe.hu\/wp-content\/uploads\/2017\/12\/gallery-3.jpg\" class=\"vc_row wpb_row vc_row-fluid vc_custom_1527759357647 vc_row-has-fill vc_general vc_parallax vc_parallax-content-moving\"><div class=\"az-row-overlay\" style=\"background-color: rgba(0,0,0,0.7)\" data-bgoverlay=\"rgba(0,0,0,0.7)\"><\/div><div class=\"wpb_column vc_column_container vc_col-sm-12\"><div class=\"vc_column-inner vc_custom_1513515343882\"><div class=\"wpb_wrapper\">    <div class=\"title-section titlesection-69f4f63baf52f  text-center\" data-aftercolor=\"#ffffff\" data-id=\"69f4f63baf52f\">\n        <h2 class=\"title\" style=\"color: #ffffff; font-size: \">BEERS<\/h2> \n            <\/div><\/div><\/div><\/div><\/div><div class=\"vc_row-full-width vc_clearfix\"><\/div><div class=\"vc_row wpb_row vc_row-fluid vc_custom_1527672503492\"><div class=\"wpb_column vc_column_container vc_col-sm-12\"><div class=\"vc_column-inner\"><div class=\"wpb_wrapper\">    <div class=\"az-kalbimenu\">\r\n                                <div class=\"kalbi-menu-item\">\r\n            <h4 class=\"item-name\">\r\n                <span>Peroni 0,33l<\/span>\r\n                <span class=\"desc\"><\/span>\r\n            <\/h4>            \r\n            <span class=\"item-price\">1250 Ft<\/span>\r\n        <\/div>\r\n                <div class=\"kalbi-menu-item\">\r\n            <h4 class=\"item-name\">\r\n                <span>Mort Subite 0,25l<\/span>\r\n                <span class=\"desc\"><\/span>\r\n            <\/h4>            \r\n            <span class=\"item-price\">1750 Ft<\/span>\r\n        <\/div>\r\n                <div class=\"kalbi-menu-item\">\r\n            <h4 class=\"item-name\">\r\n                <span>Korona Extra 0,355l<\/span>\r\n                <span class=\"desc\"><\/span>\r\n            <\/h4>            \r\n            <span class=\"item-price\">1550 Ft<\/span>\r\n        <\/div>\r\n                <div class=\"kalbi-menu-item\">\r\n            <h4 class=\"item-name\">\r\n                <span>Bitburger 0,33l<\/span>\r\n                <span class=\"desc\"><\/span>\r\n            <\/h4>            \r\n            <span class=\"item-price\">1550 Ft<\/span>\r\n        <\/div>\r\n                <div class=\"kalbi-menu-item\">\r\n            <h4 class=\"item-name\">\r\n                <span>Erdinger 0,33l<\/span>\r\n                <span class=\"desc\"><\/span>\r\n            <\/h4>            \r\n            <span class=\"item-price\">1550 Ft<\/span>\r\n        <\/div>\r\n                    <\/div>\r\n    <\/div><\/div><\/div><\/div><div data-vc-full-width=\"true\" data-vc-full-width-init=\"false\" data-vc-parallax=\"1.5\" data-vc-parallax-image=\"https:\/\/www.laperlacafe.hu\/wp-content\/uploads\/2017\/12\/gallery-3.jpg\" class=\"vc_row wpb_row vc_row-fluid vc_custom_1527759357647 vc_row-has-fill vc_general vc_parallax vc_parallax-content-moving\"><div class=\"az-row-overlay\" style=\"background-color: rgba(0,0,0,0.7)\" data-bgoverlay=\"rgba(0,0,0,0.7)\"><\/div><div class=\"wpb_column vc_column_container vc_col-sm-12\"><div class=\"vc_column-inner vc_custom_1513515343882\"><div class=\"wpb_wrapper\">    <div class=\"title-section titlesection-69f4f63bb0403  text-center\" data-aftercolor=\"#ffffff\" data-id=\"69f4f63bb0403\">\n        <h2 class=\"title\" style=\"color: #ffffff; font-size: \">Wines<\/h2> \n            <\/div><\/div><\/div><\/div><\/div><div class=\"vc_row-full-width vc_clearfix\"><\/div><div class=\"vc_row wpb_row vc_row-fluid vc_custom_1527672503492\"><div class=\"wpb_column vc_column_container vc_col-sm-12\"><div class=\"vc_column-inner\"><div class=\"wpb_wrapper\">    <div class=\"az-kalbimenu\">\r\n                                <div class=\"kalbi-menu-item\">\r\n            <h4 class=\"item-name\">\r\n                <span>M\u00e1trai F\u00e1y-Domb<\/span>\r\n                <span class=\"desc\">4990 Ft \/ \u00fcveg<\/span>\r\n            <\/h4>            \r\n            <span class=\"item-price\">890 Ft \/ dl<\/span>\r\n        <\/div>\r\n                <div class=\"kalbi-menu-item\">\r\n            <h4 class=\"item-name\">\r\n                <span>Els\u0151 fejt\u00e9s Cabernet Franc Siller<\/span>\r\n                <span class=\"desc\">6990 Ft \/ \u00fcveg<\/span>\r\n            <\/h4>            \r\n            <span class=\"item-price\">1090 Ft \/ dl<\/span>\r\n        <\/div>\r\n                <div class=\"kalbi-menu-item\">\r\n            <h4 class=\"item-name\">\r\n                <span>M\u00e1trai F\u00e1y-Domb S\u00e1rgamuskot\u00e1ly<\/span>\r\n                <span class=\"desc\">4990 Ft \/ \u00fcveg<\/span>\r\n            <\/h4>            \r\n            <span class=\"item-price\">890 Ft \/ dl<\/span>\r\n        <\/div>\r\n                    <\/div>\r\n    <\/div><\/div><\/div><\/div>\n<\/section>","protected":false},"excerpt":{"rendered":"ALKOHOLOS ITALOK Az \u00e1rak forintban \u00e9rtend\u0151k, \u00e9s tartalmazz\u00e1k az \u00e1fa \u00e9rt\u00e9k\u00e9t! 18 \u00e9ven aluliakat \u00e9s ittas vend\u00e9geket szeszes itallal nem szolg\u00e1lunk ki! KOKT\u00c9LOK Aperol Spritz 2950 Ft Gin Tonic 3050 Ft HUGO 2550 Ft R\u00f6viditalok...","protected":false},"author":1,"featured_media":128,"parent":0,"menu_order":0,"comment_status":"closed","ping_status":"closed","template":"page-templates\/full-width.php","meta":{"_monsterinsights_skip_tracking":false,"_monsterinsights_sitenote_active":false,"_monsterinsights_sitenote_note":"","_monsterinsights_sitenote_category":0,"_themeisle_gutenberg_block_has_review":false,"footnotes":""},"class_list":["post-616","page","type-page","status-publish","has-post-thumbnail","hentry"],"aioseo_notices":[],"_links":{"self":[{"href":"https:\/\/www.laperlacafe.hu\/en\/wp-json\/wp\/v2\/pages\/616","targetHints":{"allow":["GET"]}}],"collection":[{"href":"https:\/\/www.laperlacafe.hu\/en\/wp-json\/wp\/v2\/pages"}],"about":[{"href":"https:\/\/www.laperlacafe.hu\/en\/wp-json\/wp\/v2\/types\/page"}],"author":[{"embeddable":true,"href":"https:\/\/www.laperlacafe.hu\/en\/wp-json\/wp\/v2\/users\/1"}],"replies":[{"embeddable":true,"href":"https:\/\/www.laperlacafe.hu\/en\/wp-json\/wp\/v2\/comments?post=616"}],"version-history":[{"count":13,"href":"https:\/\/www.laperlacafe.hu\/en\/wp-json\/wp\/v2\/pages\/616\/revisions"}],"predecessor-version":[{"id":878,"href":"https:\/\/www.laperlacafe.hu\/en\/wp-json\/wp\/v2\/pages\/616\/revisions\/878"}],"wp:featuredmedia":[{"embeddable":true,"href":"https:\/\/www.laperlacafe.hu\/en\/wp-json\/wp\/v2\/media\/128"}],"wp:attachment":[{"href":"https:\/\/www.laperlacafe.hu\/en\/wp-json\/wp\/v2\/media?parent=616"}],"curies":[{"name":"wp","href":"https:\/\/api.w.org\/{rel}","templated":true}]}}